{"id":1732,"date":"2021-06-01T14:12:35","date_gmt":"2021-06-01T12:12:35","guid":{"rendered":"https:\/\/www.seewald-transportgeraete.de\/alten-pflegeheime\/"},"modified":"2022-01-26T15:56:55","modified_gmt":"2022-01-26T14:56:55","slug":"retirements-nursing-homes","status":"publish","type":"page","link":"https:\/\/www.seewald-transportgeraete.de\/en\/retirements-nursing-homes\/","title":{"rendered":"Retirements &#038; nursing homes"},"content":{"rendered":"","protected":false},"excerpt":{"rendered":"","protected":false},"author":2,"featured_media":0,"parent":0,"menu_order":0,"comment_status":"closed","ping_status":"closed","template":"","meta":[],"yoast_head":"<!-- This site is optimized with the Yoast SEO plugin v18.1 - https:\/\/yoast.com\/wordpress\/plugins\/seo\/ -->\n<meta name=\"description\" content=\"You are looking for laundry containers for retirement or nursing homes? You will find what your are looking for - Seewald Transportgeraete.\" \/>\n<meta name=\"robots\" content=\"index, follow, max-snippet:-1, max-image-preview:large, max-video-preview:-1\" \/>\n<link rel=\"canonical\" href=\"https:\/\/www.seewald-transportgeraete.de\/en\/retirements-nursing-homes\/\" \/>\n<meta property=\"og:locale\" content=\"en_US\" \/>\n<meta property=\"og:type\" content=\"article\" \/>\n<meta property=\"og:title\" content=\"Laundry containers for retirements &amp; nursing homes - Team Seewald\" \/>\n<meta property=\"og:description\" content=\"You are looking for laundry containers for retirement or nursing homes? You will find what your are looking for - Seewald Transportgeraete.\" \/>\n<meta property=\"og:url\" content=\"https:\/\/www.seewald-transportgeraete.de\/en\/retirements-nursing-homes\/\" \/>\n<meta property=\"og:site_name\" content=\"Seewald Transportger\u00e4te\" \/>\n<meta property=\"article:modified_time\" content=\"2022-01-26T14:56:55+00:00\" \/>\n<meta name=\"twitter:card\" content=\"summary_large_image\" \/>\n<script type=\"application\/ld+json\" class=\"yoast-schema-graph\">{\"@context\":\"https:\/\/schema.org\",\"@graph\":[{\"@type\":\"WebSite\",\"@id\":\"https:\/\/www.seewald-transportgeraete.de\/#website\",\"url\":\"https:\/\/www.seewald-transportgeraete.de\/\",\"name\":\"Seewald Transportger\u00e4te\",\"description\":\"W\u00e4schecontainer -W\u00e4schewagen - Transportbeh\u00e4lter\",\"potentialAction\":[{\"@type\":\"SearchAction\",\"target\":{\"@type\":\"EntryPoint\",\"urlTemplate\":\"https:\/\/www.seewald-transportgeraete.de\/?s={search_term_string}\"},\"query-input\":\"required name=search_term_string\"}],\"inLanguage\":\"en-US\"},{\"@type\":\"WebPage\",\"@id\":\"https:\/\/www.seewald-transportgeraete.de\/en\/retirements-nursing-homes\/#webpage\",\"url\":\"https:\/\/www.seewald-transportgeraete.de\/en\/retirements-nursing-homes\/\",\"name\":\"Laundry containers for retirements & nursing homes - Team Seewald\",\"isPartOf\":{\"@id\":\"https:\/\/www.seewald-transportgeraete.de\/#website\"},\"datePublished\":\"2021-06-01T12:12:35+00:00\",\"dateModified\":\"2022-01-26T14:56:55+00:00\",\"description\":\"You are looking for laundry containers for retirement or nursing homes? You will find what your are looking for - Seewald Transportgeraete.\",\"breadcrumb\":{\"@id\":\"https:\/\/www.seewald-transportgeraete.de\/en\/retirements-nursing-homes\/#breadcrumb\"},\"inLanguage\":\"en-US\",\"potentialAction\":[{\"@type\":\"ReadAction\",\"target\":[\"https:\/\/www.seewald-transportgeraete.de\/en\/retirements-nursing-homes\/\"]}]},{\"@type\":\"BreadcrumbList\",\"@id\":\"https:\/\/www.seewald-transportgeraete.de\/en\/retirements-nursing-homes\/#breadcrumb\",\"itemListElement\":[{\"@type\":\"ListItem\",\"position\":1,\"name\":\"Startseite\",\"item\":\"https:\/\/www.seewald-transportgeraete.de\/en\/\"},{\"@type\":\"ListItem\",\"position\":2,\"name\":\"Retirements &#038; nursing homes\"}]}]}<\/script>\n<!-- \/ Yoast SEO plugin. -->","yoast_head_json":{"description":"You are looking for laundry containers for retirement or nursing homes? You will find what your are looking for - Seewald Transportgeraete.","robots":{"index":"index","follow":"follow","max-snippet":"max-snippet:-1","max-image-preview":"max-image-preview:large","max-video-preview":"max-video-preview:-1"},"canonical":"https:\/\/www.seewald-transportgeraete.de\/en\/retirements-nursing-homes\/","og_locale":"en_US","og_type":"article","og_title":"Laundry containers for retirements & nursing homes - Team Seewald","og_description":"You are looking for laundry containers for retirement or nursing homes? You will find what your are looking for - Seewald Transportgeraete.","og_url":"https:\/\/www.seewald-transportgeraete.de\/en\/retirements-nursing-homes\/","og_site_name":"Seewald Transportger\u00e4te","article_modified_time":"2022-01-26T14:56:55+00:00","twitter_card":"summary_large_image","schema":{"@context":"https:\/\/schema.org","@graph":[{"@type":"WebSite","@id":"https:\/\/www.seewald-transportgeraete.de\/#website","url":"https:\/\/www.seewald-transportgeraete.de\/","name":"Seewald Transportger\u00e4te","description":"W\u00e4schecontainer -W\u00e4schewagen - Transportbeh\u00e4lter","potentialAction":[{"@type":"SearchAction","target":{"@type":"EntryPoint","urlTemplate":"https:\/\/www.seewald-transportgeraete.de\/?s={search_term_string}"},"query-input":"required name=search_term_string"}],"inLanguage":"en-US"},{"@type":"WebPage","@id":"https:\/\/www.seewald-transportgeraete.de\/en\/retirements-nursing-homes\/#webpage","url":"https:\/\/www.seewald-transportgeraete.de\/en\/retirements-nursing-homes\/","name":"Laundry containers for retirements & nursing homes - Team Seewald","isPartOf":{"@id":"https:\/\/www.seewald-transportgeraete.de\/#website"},"datePublished":"2021-06-01T12:12:35+00:00","dateModified":"2022-01-26T14:56:55+00:00","description":"You are looking for laundry containers for retirement or nursing homes? You will find what your are looking for - Seewald Transportgeraete.","breadcrumb":{"@id":"https:\/\/www.seewald-transportgeraete.de\/en\/retirements-nursing-homes\/#breadcrumb"},"inLanguage":"en-US","potentialAction":[{"@type":"ReadAction","target":["https:\/\/www.seewald-transportgeraete.de\/en\/retirements-nursing-homes\/"]}]},{"@type":"BreadcrumbList","@id":"https:\/\/www.seewald-transportgeraete.de\/en\/retirements-nursing-homes\/#breadcrumb","itemListElement":[{"@type":"ListItem","position":1,"name":"Startseite","item":"https:\/\/www.seewald-transportgeraete.de\/en\/"},{"@type":"ListItem","position":2,"name":"Retirements &#038; nursing homes"}]}]}},"_links":{"self":[{"href":"https:\/\/www.seewald-transportgeraete.de\/en\/wp-json\/wp\/v2\/pages\/1732"}],"collection":[{"href":"https:\/\/www.seewald-transportgeraete.de\/en\/wp-json\/wp\/v2\/pages"}],"about":[{"href":"https:\/\/www.seewald-transportgeraete.de\/en\/wp-json\/wp\/v2\/types\/page"}],"author":[{"embeddable":true,"href":"https:\/\/www.seewald-transportgeraete.de\/en\/wp-json\/wp\/v2\/users\/2"}],"replies":[{"embeddable":true,"href":"https:\/\/www.seewald-transportgeraete.de\/en\/wp-json\/wp\/v2\/comments?post=1732"}],"version-history":[{"count":4,"href":"https:\/\/www.seewald-transportgeraete.de\/en\/wp-json\/wp\/v2\/pages\/1732\/revisions"}],"predecessor-version":[{"id":1899,"href":"https:\/\/www.seewald-transportgeraete.de\/en\/wp-json\/wp\/v2\/pages\/1732\/revisions\/1899"}],"wp:attachment":[{"href":"https:\/\/www.seewald-transportgeraete.de\/en\/wp-json\/wp\/v2\/media?parent=1732"}],"curies":[{"name":"wp","href":"https:\/\/api.w.org\/{rel}","templated":true}]}}