{"id":1749,"date":"2021-06-01T14:33:14","date_gmt":"2021-06-01T12:33:14","guid":{"rendered":"https:\/\/www.seewald-transportgeraete.de\/lager-und-logistik\/"},"modified":"2022-01-26T15:58:48","modified_gmt":"2022-01-26T14:58:48","slug":"warehousing-und-logistics","status":"publish","type":"page","link":"https:\/\/www.seewald-transportgeraete.de\/en\/warehousing-und-logistics\/","title":{"rendered":"Warehousing and logistics"},"content":{"rendered":"","protected":false},"excerpt":{"rendered":"","protected":false},"author":2,"featured_media":0,"parent":0,"menu_order":0,"comment_status":"closed","ping_status":"closed","template":"","meta":[],"yoast_head":"<!-- This site is optimized with the Yoast SEO plugin v18.1 - https:\/\/yoast.com\/wordpress\/plugins\/seo\/ -->\n<meta name=\"description\" content=\"Are you looking for transport equipment for your warehouse? We have the right solution for warehousing and logisitcs. Your team Seewald\" \/>\n<meta name=\"robots\" content=\"index, follow, max-snippet:-1, max-image-preview:large, max-video-preview:-1\" \/>\n<link rel=\"canonical\" href=\"https:\/\/www.seewald-transportgeraete.de\/en\/warehousing-und-logistics\/\" \/>\n<meta property=\"og:locale\" content=\"en_US\" \/>\n<meta property=\"og:type\" content=\"article\" \/>\n<meta property=\"og:title\" content=\"Transport equipment for warehousing and logistics - Seewald\" \/>\n<meta property=\"og:description\" content=\"Are you looking for transport equipment for your warehouse? We have the right solution for warehousing and logisitcs. Your team Seewald\" \/>\n<meta property=\"og:url\" content=\"https:\/\/www.seewald-transportgeraete.de\/en\/warehousing-und-logistics\/\" \/>\n<meta property=\"og:site_name\" content=\"Seewald Transportger\u00e4te\" \/>\n<meta property=\"article:modified_time\" content=\"2022-01-26T14:58:48+00:00\" \/>\n<meta name=\"twitter:card\" content=\"summary_large_image\" \/>\n<script type=\"application\/ld+json\" class=\"yoast-schema-graph\">{\"@context\":\"https:\/\/schema.org\",\"@graph\":[{\"@type\":\"WebSite\",\"@id\":\"https:\/\/www.seewald-transportgeraete.de\/#website\",\"url\":\"https:\/\/www.seewald-transportgeraete.de\/\",\"name\":\"Seewald Transportger\u00e4te\",\"description\":\"W\u00e4schecontainer -W\u00e4schewagen - Transportbeh\u00e4lter\",\"potentialAction\":[{\"@type\":\"SearchAction\",\"target\":{\"@type\":\"EntryPoint\",\"urlTemplate\":\"https:\/\/www.seewald-transportgeraete.de\/?s={search_term_string}\"},\"query-input\":\"required name=search_term_string\"}],\"inLanguage\":\"en-US\"},{\"@type\":\"WebPage\",\"@id\":\"https:\/\/www.seewald-transportgeraete.de\/en\/warehousing-und-logistics\/#webpage\",\"url\":\"https:\/\/www.seewald-transportgeraete.de\/en\/warehousing-und-logistics\/\",\"name\":\"Transport equipment for warehousing and logistics - Seewald\",\"isPartOf\":{\"@id\":\"https:\/\/www.seewald-transportgeraete.de\/#website\"},\"datePublished\":\"2021-06-01T12:33:14+00:00\",\"dateModified\":\"2022-01-26T14:58:48+00:00\",\"description\":\"Are you looking for transport equipment for your warehouse? We have the right solution for warehousing and logisitcs. Your team Seewald\",\"breadcrumb\":{\"@id\":\"https:\/\/www.seewald-transportgeraete.de\/en\/warehousing-und-logistics\/#breadcrumb\"},\"inLanguage\":\"en-US\",\"potentialAction\":[{\"@type\":\"ReadAction\",\"target\":[\"https:\/\/www.seewald-transportgeraete.de\/en\/warehousing-und-logistics\/\"]}]},{\"@type\":\"BreadcrumbList\",\"@id\":\"https:\/\/www.seewald-transportgeraete.de\/en\/warehousing-und-logistics\/#breadcrumb\",\"itemListElement\":[{\"@type\":\"ListItem\",\"position\":1,\"name\":\"Startseite\",\"item\":\"https:\/\/www.seewald-transportgeraete.de\/en\/\"},{\"@type\":\"ListItem\",\"position\":2,\"name\":\"Warehousing and logistics\"}]}]}<\/script>\n<!-- \/ Yoast SEO plugin. -->","yoast_head_json":{"description":"Are you looking for transport equipment for your warehouse? We have the right solution for warehousing and logisitcs. Your team Seewald","robots":{"index":"index","follow":"follow","max-snippet":"max-snippet:-1","max-image-preview":"max-image-preview:large","max-video-preview":"max-video-preview:-1"},"canonical":"https:\/\/www.seewald-transportgeraete.de\/en\/warehousing-und-logistics\/","og_locale":"en_US","og_type":"article","og_title":"Transport equipment for warehousing and logistics - Seewald","og_description":"Are you looking for transport equipment for your warehouse? We have the right solution for warehousing and logisitcs. Your team Seewald","og_url":"https:\/\/www.seewald-transportgeraete.de\/en\/warehousing-und-logistics\/","og_site_name":"Seewald Transportger\u00e4te","article_modified_time":"2022-01-26T14:58:48+00:00","twitter_card":"summary_large_image","schema":{"@context":"https:\/\/schema.org","@graph":[{"@type":"WebSite","@id":"https:\/\/www.seewald-transportgeraete.de\/#website","url":"https:\/\/www.seewald-transportgeraete.de\/","name":"Seewald Transportger\u00e4te","description":"W\u00e4schecontainer -W\u00e4schewagen - Transportbeh\u00e4lter","potentialAction":[{"@type":"SearchAction","target":{"@type":"EntryPoint","urlTemplate":"https:\/\/www.seewald-transportgeraete.de\/?s={search_term_string}"},"query-input":"required name=search_term_string"}],"inLanguage":"en-US"},{"@type":"WebPage","@id":"https:\/\/www.seewald-transportgeraete.de\/en\/warehousing-und-logistics\/#webpage","url":"https:\/\/www.seewald-transportgeraete.de\/en\/warehousing-und-logistics\/","name":"Transport equipment for warehousing and logistics - Seewald","isPartOf":{"@id":"https:\/\/www.seewald-transportgeraete.de\/#website"},"datePublished":"2021-06-01T12:33:14+00:00","dateModified":"2022-01-26T14:58:48+00:00","description":"Are you looking for transport equipment for your warehouse? We have the right solution for warehousing and logisitcs. Your team Seewald","breadcrumb":{"@id":"https:\/\/www.seewald-transportgeraete.de\/en\/warehousing-und-logistics\/#breadcrumb"},"inLanguage":"en-US","potentialAction":[{"@type":"ReadAction","target":["https:\/\/www.seewald-transportgeraete.de\/en\/warehousing-und-logistics\/"]}]},{"@type":"BreadcrumbList","@id":"https:\/\/www.seewald-transportgeraete.de\/en\/warehousing-und-logistics\/#breadcrumb","itemListElement":[{"@type":"ListItem","position":1,"name":"Startseite","item":"https:\/\/www.seewald-transportgeraete.de\/en\/"},{"@type":"ListItem","position":2,"name":"Warehousing and logistics"}]}]}},"_links":{"self":[{"href":"https:\/\/www.seewald-transportgeraete.de\/en\/wp-json\/wp\/v2\/pages\/1749"}],"collection":[{"href":"https:\/\/www.seewald-transportgeraete.de\/en\/wp-json\/wp\/v2\/pages"}],"about":[{"href":"https:\/\/www.seewald-transportgeraete.de\/en\/wp-json\/wp\/v2\/types\/page"}],"author":[{"embeddable":true,"href":"https:\/\/www.seewald-transportgeraete.de\/en\/wp-json\/wp\/v2\/users\/2"}],"replies":[{"embeddable":true,"href":"https:\/\/www.seewald-transportgeraete.de\/en\/wp-json\/wp\/v2\/comments?post=1749"}],"version-history":[{"count":4,"href":"https:\/\/www.seewald-transportgeraete.de\/en\/wp-json\/wp\/v2\/pages\/1749\/revisions"}],"predecessor-version":[{"id":1900,"href":"https:\/\/www.seewald-transportgeraete.de\/en\/wp-json\/wp\/v2\/pages\/1749\/revisions\/1900"}],"wp:attachment":[{"href":"https:\/\/www.seewald-transportgeraete.de\/en\/wp-json\/wp\/v2\/media?parent=1749"}],"curies":[{"name":"wp","href":"https:\/\/api.w.org\/{rel}","templated":true}]}}