{"id":1764,"date":"2021-06-01T14:04:03","date_gmt":"2021-06-01T12:04:03","guid":{"rendered":"https:\/\/www.seewald-transportgeraete.de\/ueber-uns\/"},"modified":"2024-05-21T08:53:23","modified_gmt":"2024-05-21T06:53:23","slug":"about-us","status":"publish","type":"page","link":"https:\/\/www.seewald-transportgeraete.de\/en\/about-us\/","title":{"rendered":"Who we are"},"content":{"rendered":"","protected":false},"excerpt":{"rendered":"","protected":false},"author":2,"featured_media":0,"parent":0,"menu_order":0,"comment_status":"closed","ping_status":"closed","template":"","meta":[],"yoast_head":"<!-- This site is optimized with the Yoast SEO plugin v18.1 - https:\/\/yoast.com\/wordpress\/plugins\/seo\/ -->\n<meta name=\"description\" content=\"We introduce us. Seewald Transportgeraete GmbH, your partner for laundry containers, laundry trolleys and roll containers.\" \/>\n<meta name=\"robots\" content=\"index, follow, max-snippet:-1, max-image-preview:large, max-video-preview:-1\" \/>\n<link rel=\"canonical\" href=\"https:\/\/www.seewald-transportgeraete.de\/en\/about-us\/\" \/>\n<meta property=\"og:locale\" content=\"en_US\" \/>\n<meta property=\"og:type\" content=\"article\" \/>\n<meta property=\"og:title\" content=\"This is who we are - Seewald Transportgeraete\" \/>\n<meta property=\"og:description\" content=\"We introduce us. Seewald Transportgeraete GmbH, your partner for laundry containers, laundry trolleys and roll containers.\" \/>\n<meta property=\"og:url\" content=\"https:\/\/www.seewald-transportgeraete.de\/en\/about-us\/\" \/>\n<meta property=\"og:site_name\" content=\"Seewald Transportger\u00e4te\" \/>\n<meta property=\"article:modified_time\" content=\"2024-05-21T06:53:23+00:00\" \/>\n<meta name=\"twitter:card\" content=\"summary_large_image\" \/>\n<script type=\"application\/ld+json\" class=\"yoast-schema-graph\">{\"@context\":\"https:\/\/schema.org\",\"@graph\":[{\"@type\":\"WebSite\",\"@id\":\"https:\/\/www.seewald-transportgeraete.de\/#website\",\"url\":\"https:\/\/www.seewald-transportgeraete.de\/\",\"name\":\"Seewald Transportger\u00e4te\",\"description\":\"W\u00e4schecontainer -W\u00e4schewagen - Transportbeh\u00e4lter\",\"potentialAction\":[{\"@type\":\"SearchAction\",\"target\":{\"@type\":\"EntryPoint\",\"urlTemplate\":\"https:\/\/www.seewald-transportgeraete.de\/?s={search_term_string}\"},\"query-input\":\"required name=search_term_string\"}],\"inLanguage\":\"en-US\"},{\"@type\":\"WebPage\",\"@id\":\"https:\/\/www.seewald-transportgeraete.de\/en\/about-us\/#webpage\",\"url\":\"https:\/\/www.seewald-transportgeraete.de\/en\/about-us\/\",\"name\":\"This is who we are - Seewald Transportgeraete\",\"isPartOf\":{\"@id\":\"https:\/\/www.seewald-transportgeraete.de\/#website\"},\"datePublished\":\"2021-06-01T12:04:03+00:00\",\"dateModified\":\"2024-05-21T06:53:23+00:00\",\"description\":\"We introduce us. Seewald Transportgeraete GmbH, your partner for laundry containers, laundry trolleys and roll containers.\",\"breadcrumb\":{\"@id\":\"https:\/\/www.seewald-transportgeraete.de\/en\/about-us\/#breadcrumb\"},\"inLanguage\":\"en-US\",\"potentialAction\":[{\"@type\":\"ReadAction\",\"target\":[\"https:\/\/www.seewald-transportgeraete.de\/en\/about-us\/\"]}]},{\"@type\":\"BreadcrumbList\",\"@id\":\"https:\/\/www.seewald-transportgeraete.de\/en\/about-us\/#breadcrumb\",\"itemListElement\":[{\"@type\":\"ListItem\",\"position\":1,\"name\":\"Startseite\",\"item\":\"https:\/\/www.seewald-transportgeraete.de\/en\/\"},{\"@type\":\"ListItem\",\"position\":2,\"name\":\"Who we are\"}]}]}<\/script>\n<!-- \/ Yoast SEO plugin. -->","yoast_head_json":{"description":"We introduce us. Seewald Transportgeraete GmbH, your partner for laundry containers, laundry trolleys and roll containers.","robots":{"index":"index","follow":"follow","max-snippet":"max-snippet:-1","max-image-preview":"max-image-preview:large","max-video-preview":"max-video-preview:-1"},"canonical":"https:\/\/www.seewald-transportgeraete.de\/en\/about-us\/","og_locale":"en_US","og_type":"article","og_title":"This is who we are - Seewald Transportgeraete","og_description":"We introduce us. Seewald Transportgeraete GmbH, your partner for laundry containers, laundry trolleys and roll containers.","og_url":"https:\/\/www.seewald-transportgeraete.de\/en\/about-us\/","og_site_name":"Seewald Transportger\u00e4te","article_modified_time":"2024-05-21T06:53:23+00:00","twitter_card":"summary_large_image","schema":{"@context":"https:\/\/schema.org","@graph":[{"@type":"WebSite","@id":"https:\/\/www.seewald-transportgeraete.de\/#website","url":"https:\/\/www.seewald-transportgeraete.de\/","name":"Seewald Transportger\u00e4te","description":"W\u00e4schecontainer -W\u00e4schewagen - Transportbeh\u00e4lter","potentialAction":[{"@type":"SearchAction","target":{"@type":"EntryPoint","urlTemplate":"https:\/\/www.seewald-transportgeraete.de\/?s={search_term_string}"},"query-input":"required name=search_term_string"}],"inLanguage":"en-US"},{"@type":"WebPage","@id":"https:\/\/www.seewald-transportgeraete.de\/en\/about-us\/#webpage","url":"https:\/\/www.seewald-transportgeraete.de\/en\/about-us\/","name":"This is who we are - Seewald Transportgeraete","isPartOf":{"@id":"https:\/\/www.seewald-transportgeraete.de\/#website"},"datePublished":"2021-06-01T12:04:03+00:00","dateModified":"2024-05-21T06:53:23+00:00","description":"We introduce us. Seewald Transportgeraete GmbH, your partner for laundry containers, laundry trolleys and roll containers.","breadcrumb":{"@id":"https:\/\/www.seewald-transportgeraete.de\/en\/about-us\/#breadcrumb"},"inLanguage":"en-US","potentialAction":[{"@type":"ReadAction","target":["https:\/\/www.seewald-transportgeraete.de\/en\/about-us\/"]}]},{"@type":"BreadcrumbList","@id":"https:\/\/www.seewald-transportgeraete.de\/en\/about-us\/#breadcrumb","itemListElement":[{"@type":"ListItem","position":1,"name":"Startseite","item":"https:\/\/www.seewald-transportgeraete.de\/en\/"},{"@type":"ListItem","position":2,"name":"Who we are"}]}]}},"_links":{"self":[{"href":"https:\/\/www.seewald-transportgeraete.de\/en\/wp-json\/wp\/v2\/pages\/1764"}],"collection":[{"href":"https:\/\/www.seewald-transportgeraete.de\/en\/wp-json\/wp\/v2\/pages"}],"about":[{"href":"https:\/\/www.seewald-transportgeraete.de\/en\/wp-json\/wp\/v2\/types\/page"}],"author":[{"embeddable":true,"href":"https:\/\/www.seewald-transportgeraete.de\/en\/wp-json\/wp\/v2\/users\/2"}],"replies":[{"embeddable":true,"href":"https:\/\/www.seewald-transportgeraete.de\/en\/wp-json\/wp\/v2\/comments?post=1764"}],"version-history":[{"count":5,"href":"https:\/\/www.seewald-transportgeraete.de\/en\/wp-json\/wp\/v2\/pages\/1764\/revisions"}],"predecessor-version":[{"id":1995,"href":"https:\/\/www.seewald-transportgeraete.de\/en\/wp-json\/wp\/v2\/pages\/1764\/revisions\/1995"}],"wp:attachment":[{"href":"https:\/\/www.seewald-transportgeraete.de\/en\/wp-json\/wp\/v2\/media?parent=1764"}],"curies":[{"name":"wp","href":"https:\/\/api.w.org\/{rel}","templated":true}]}}